{"id":2,"date":"2025-06-25T15:05:56","date_gmt":"2025-06-25T15:05:56","guid":{"rendered":"https:\/\/kjeck.se\/?page_id=2"},"modified":"2025-07-07T14:51:24","modified_gmt":"2025-07-07T14:51:24","slug":"sample-page","status":"publish","type":"page","link":"https:\/\/kjeck.se\/","title":{"rendered":"Kjeck.se &#8211; Aff\u00e4rsbloggen"},"content":{"rendered":"\n<h2 class=\"wp-block-heading\"><\/h2>\n\n\n\n<blockquote class=\"wp-block-quote is-layout-flow wp-block-quote-is-layout-flow\">\n<p><strong>Vi spanar in framtiden.<\/strong><br>H\u00e4r delar vi reflektioner om aff\u00e4rsklimat, ny teknik, digitala trender och hur s\u00f6km\u00f6nster f\u00f6r\u00e4ndrar spelplanen. V\u00e4lkommen till en blogg f\u00f6r dig som gillar insikter med sk\u00e4rpa.<\/p>\n<\/blockquote>\n\n\n\n<p><\/p>\n","protected":false},"excerpt":{"rendered":"<p>Vi spanar in framtiden.H\u00e4r delar vi reflektioner om aff\u00e4rsklimat, ny teknik, digitala trender och hur s\u00f6km\u00f6nster f\u00f6r\u00e4ndrar spelplanen. V\u00e4lkommen till en blogg f\u00f6r dig som gillar insikter med sk\u00e4rpa.<\/p>\n","protected":false},"author":1,"featured_media":0,"parent":0,"menu_order":0,"comment_status":"closed","ping_status":"closed","template":"","meta":{"footnotes":""},"class_list":["post-2","page","type-page","status-publish","hentry"],"_links":{"self":[{"href":"https:\/\/kjeck.se\/index.php?rest_route=\/wp\/v2\/pages\/2","targetHints":{"allow":["GET"]}}],"collection":[{"href":"https:\/\/kjeck.se\/index.php?rest_route=\/wp\/v2\/pages"}],"about":[{"href":"https:\/\/kjeck.se\/index.php?rest_route=\/wp\/v2\/types\/page"}],"author":[{"embeddable":true,"href":"https:\/\/kjeck.se\/index.php?rest_route=\/wp\/v2\/users\/1"}],"replies":[{"embeddable":true,"href":"https:\/\/kjeck.se\/index.php?rest_route=%2Fwp%2Fv2%2Fcomments&post=2"}],"version-history":[{"count":3,"href":"https:\/\/kjeck.se\/index.php?rest_route=\/wp\/v2\/pages\/2\/revisions"}],"predecessor-version":[{"id":29,"href":"https:\/\/kjeck.se\/index.php?rest_route=\/wp\/v2\/pages\/2\/revisions\/29"}],"wp:attachment":[{"href":"https:\/\/kjeck.se\/index.php?rest_route=%2Fwp%2Fv2%2Fmedia&parent=2"}],"curies":[{"name":"wp","href":"https:\/\/api.w.org\/{rel}","templated":true}]}}